{"id":6242,"date":"2015-08-06T20:37:04","date_gmt":"2015-08-07T00:37:04","guid":{"rendered":"http:\/\/dreww.ca\/contact\/"},"modified":"2025-06-02T22:30:14","modified_gmt":"2025-06-03T02:30:14","slug":"contact","status":"publish","type":"page","link":"https:\/\/dreww.ca\/fr\/contact\/","title":{"rendered":"Contact"},"content":{"rendered":"<div id=\"cs-content\" class=\"cs-content\"><\/div>\n","protected":false},"excerpt":{"rendered":"<p>Contact Request a Proposal Pour toute demande g\u00e9n\u00e9rale, veuillez remplir le formulaire suivant et nous vous r\u00e9pondrons dans les plus brefs d\u00e9lais. Si vous souhaitez obtenir une proposition pour nos services, veuillez visiter notre page Demander une soumission. Si vous &#8230; <\/p>\n<div><a href=\"https:\/\/dreww.ca\/fr\/contact\/\" class=\"more-link\">Read More<\/a><\/div>\n","protected":false},"author":10,"featured_media":0,"parent":0,"menu_order":0,"comment_status":"closed","ping_status":"closed","template":"template-blank-4.php","meta":{"_acf_changed":true,"content-type":"","footnotes":""},"class_list":["post-6242","page","type-page","status-publish","hentry","no-post-thumbnail"],"acf":[],"yoast_head":"<!-- This site is optimized with the Yoast SEO Premium plugin v18.2.1 (Yoast SEO v26.5) - https:\/\/yoast.com\/wordpress\/plugins\/seo\/ -->\n<title>Contact &#8212; DREWW<\/title>\n<meta name=\"description\" content=\"N&#039;h\u00e9sitez pas \u00e0 nous contacter pour toute question ou demande.\" \/>\n<meta name=\"robots\" content=\"index, follow, max-snippet:-1, max-image-preview:large, max-video-preview:-1\" \/>\n<link rel=\"canonical\" href=\"https:\/\/dreww.ca\/fr\/contact\/\" \/>\n<meta property=\"og:locale\" content=\"fr_FR\" \/>\n<meta property=\"og:type\" content=\"article\" \/>\n<meta property=\"og:title\" content=\"Contact\" \/>\n<meta property=\"og:description\" content=\"N&#039;h\u00e9sitez pas \u00e0 nous contacter pour toute question ou demande.\" \/>\n<meta property=\"og:url\" content=\"https:\/\/dreww.ca\/fr\/contact\/\" \/>\n<meta property=\"og:site_name\" content=\"DREWW\" \/>\n<meta property=\"article:publisher\" content=\"https:\/\/www.facebook.com\/dreww.agency\" \/>\n<meta property=\"article:modified_time\" content=\"2025-06-03T02:30:14+00:00\" \/>\n<meta property=\"og:image\" content=\"https:\/\/dreww.ca\/wp-content\/uploads\/2023\/01\/dreww-thumbnail.jpg\" \/>\n\t<meta property=\"og:image:width\" content=\"1280\" \/>\n\t<meta property=\"og:image:height\" content=\"720\" \/>\n\t<meta property=\"og:image:type\" content=\"image\/jpeg\" \/>\n<meta name=\"twitter:card\" content=\"summary_large_image\" \/>\n<meta name=\"twitter:site\" content=\"@dreww_agency\" \/>\n<meta name=\"twitter:label1\" content=\"Dur\u00e9e de lecture estim\u00e9e\" \/>\n\t<meta name=\"twitter:data1\" content=\"1 minute\" \/>\n<script type=\"application\/ld+json\" class=\"yoast-schema-graph\">{\"@context\":\"https:\/\/schema.org\",\"@graph\":[{\"@type\":\"WebPage\",\"@id\":\"https:\/\/dreww.ca\/fr\/contact\/\",\"url\":\"https:\/\/dreww.ca\/fr\/contact\/\",\"name\":\"Contact &#8212; DREWW\",\"isPartOf\":{\"@id\":\"https:\/\/dreww.ca\/fr\/#website\"},\"datePublished\":\"2015-08-07T00:37:04+00:00\",\"dateModified\":\"2025-06-03T02:30:14+00:00\",\"description\":\"N'h\u00e9sitez pas \u00e0 nous contacter pour toute question ou demande.\",\"breadcrumb\":{\"@id\":\"https:\/\/dreww.ca\/fr\/contact\/#breadcrumb\"},\"inLanguage\":\"fr-FR\",\"potentialAction\":[{\"@type\":\"ReadAction\",\"target\":[\"https:\/\/dreww.ca\/fr\/contact\/\"]}]},{\"@type\":\"BreadcrumbList\",\"@id\":\"https:\/\/dreww.ca\/fr\/contact\/#breadcrumb\",\"itemListElement\":[{\"@type\":\"ListItem\",\"position\":1,\"name\":\"Home\",\"item\":\"https:\/\/dreww.ca\/fr\/\"},{\"@type\":\"ListItem\",\"position\":2,\"name\":\"Contact\"}]},{\"@type\":\"WebSite\",\"@id\":\"https:\/\/dreww.ca\/fr\/#website\",\"url\":\"https:\/\/dreww.ca\/fr\/\",\"name\":\"DREWW\",\"description\":\"Full-service digital advertising agency + production studio\",\"publisher\":{\"@id\":\"https:\/\/dreww.ca\/fr\/#organization\"},\"potentialAction\":[{\"@type\":\"SearchAction\",\"target\":{\"@type\":\"EntryPoint\",\"urlTemplate\":\"https:\/\/dreww.ca\/fr\/?s={search_term_string}\"},\"query-input\":{\"@type\":\"PropertyValueSpecification\",\"valueRequired\":true,\"valueName\":\"search_term_string\"}}],\"inLanguage\":\"fr-FR\"},{\"@type\":\"Organization\",\"@id\":\"https:\/\/dreww.ca\/fr\/#organization\",\"name\":\"Dreww\",\"url\":\"https:\/\/dreww.ca\/fr\/\",\"logo\":{\"@type\":\"ImageObject\",\"inLanguage\":\"fr-FR\",\"@id\":\"https:\/\/dreww.ca\/fr\/#\/schema\/logo\/image\/\",\"url\":\"https:\/\/dreww.ca\/wp-content\/uploads\/2021\/01\/dreww_logo_icon_burgundy.png\",\"contentUrl\":\"https:\/\/dreww.ca\/wp-content\/uploads\/2021\/01\/dreww_logo_icon_burgundy.png\",\"width\":1000,\"height\":1000,\"caption\":\"Dreww\"},\"image\":{\"@id\":\"https:\/\/dreww.ca\/fr\/#\/schema\/logo\/image\/\"},\"sameAs\":[\"https:\/\/www.facebook.com\/dreww.agency\",\"https:\/\/x.com\/dreww_agency\",\"https:\/\/www.instagram.com\/dreww\/\",\"https:\/\/www.youtube.com\/channel\/UCsHMxWoJuOGG5K_vmsRHv2A\"]}]}<\/script>\n<!-- \/ Yoast SEO Premium plugin. -->","yoast_head_json":{"title":"Contact &#8212; DREWW","description":"N'h\u00e9sitez pas \u00e0 nous contacter pour toute question ou demande.","robots":{"index":"index","follow":"follow","max-snippet":"max-snippet:-1","max-image-preview":"max-image-preview:large","max-video-preview":"max-video-preview:-1"},"canonical":"https:\/\/dreww.ca\/fr\/contact\/","og_locale":"fr_FR","og_type":"article","og_title":"Contact","og_description":"N'h\u00e9sitez pas \u00e0 nous contacter pour toute question ou demande.","og_url":"https:\/\/dreww.ca\/fr\/contact\/","og_site_name":"DREWW","article_publisher":"https:\/\/www.facebook.com\/dreww.agency","article_modified_time":"2025-06-03T02:30:14+00:00","og_image":[{"width":1280,"height":720,"url":"https:\/\/dreww.ca\/wp-content\/uploads\/2023\/01\/dreww-thumbnail.jpg","type":"image\/jpeg"}],"twitter_card":"summary_large_image","twitter_site":"@dreww_agency","twitter_misc":{"Dur\u00e9e de lecture estim\u00e9e":"1 minute"},"schema":{"@context":"https:\/\/schema.org","@graph":[{"@type":"WebPage","@id":"https:\/\/dreww.ca\/fr\/contact\/","url":"https:\/\/dreww.ca\/fr\/contact\/","name":"Contact &#8212; DREWW","isPartOf":{"@id":"https:\/\/dreww.ca\/fr\/#website"},"datePublished":"2015-08-07T00:37:04+00:00","dateModified":"2025-06-03T02:30:14+00:00","description":"N'h\u00e9sitez pas \u00e0 nous contacter pour toute question ou demande.","breadcrumb":{"@id":"https:\/\/dreww.ca\/fr\/contact\/#breadcrumb"},"inLanguage":"fr-FR","potentialAction":[{"@type":"ReadAction","target":["https:\/\/dreww.ca\/fr\/contact\/"]}]},{"@type":"BreadcrumbList","@id":"https:\/\/dreww.ca\/fr\/contact\/#breadcrumb","itemListElement":[{"@type":"ListItem","position":1,"name":"Home","item":"https:\/\/dreww.ca\/fr\/"},{"@type":"ListItem","position":2,"name":"Contact"}]},{"@type":"WebSite","@id":"https:\/\/dreww.ca\/fr\/#website","url":"https:\/\/dreww.ca\/fr\/","name":"DREWW","description":"Full-service digital advertising agency + production studio","publisher":{"@id":"https:\/\/dreww.ca\/fr\/#organization"},"potentialAction":[{"@type":"SearchAction","target":{"@type":"EntryPoint","urlTemplate":"https:\/\/dreww.ca\/fr\/?s={search_term_string}"},"query-input":{"@type":"PropertyValueSpecification","valueRequired":true,"valueName":"search_term_string"}}],"inLanguage":"fr-FR"},{"@type":"Organization","@id":"https:\/\/dreww.ca\/fr\/#organization","name":"Dreww","url":"https:\/\/dreww.ca\/fr\/","logo":{"@type":"ImageObject","inLanguage":"fr-FR","@id":"https:\/\/dreww.ca\/fr\/#\/schema\/logo\/image\/","url":"https:\/\/dreww.ca\/wp-content\/uploads\/2021\/01\/dreww_logo_icon_burgundy.png","contentUrl":"https:\/\/dreww.ca\/wp-content\/uploads\/2021\/01\/dreww_logo_icon_burgundy.png","width":1000,"height":1000,"caption":"Dreww"},"image":{"@id":"https:\/\/dreww.ca\/fr\/#\/schema\/logo\/image\/"},"sameAs":["https:\/\/www.facebook.com\/dreww.agency","https:\/\/x.com\/dreww_agency","https:\/\/www.instagram.com\/dreww\/","https:\/\/www.youtube.com\/channel\/UCsHMxWoJuOGG5K_vmsRHv2A"]}]}},"_links":{"self":[{"href":"https:\/\/dreww.ca\/fr\/wp-json\/wp\/v2\/pages\/6242","targetHints":{"allow":["GET"]}}],"collection":[{"href":"https:\/\/dreww.ca\/fr\/wp-json\/wp\/v2\/pages"}],"about":[{"href":"https:\/\/dreww.ca\/fr\/wp-json\/wp\/v2\/types\/page"}],"author":[{"embeddable":true,"href":"https:\/\/dreww.ca\/fr\/wp-json\/wp\/v2\/users\/10"}],"replies":[{"embeddable":true,"href":"https:\/\/dreww.ca\/fr\/wp-json\/wp\/v2\/comments?post=6242"}],"version-history":[{"count":0,"href":"https:\/\/dreww.ca\/fr\/wp-json\/wp\/v2\/pages\/6242\/revisions"}],"wp:attachment":[{"href":"https:\/\/dreww.ca\/fr\/wp-json\/wp\/v2\/media?parent=6242"}],"curies":[{"name":"wp","href":"https:\/\/api.w.org\/{rel}","templated":true}]}}