{"id":6263,"date":"2015-08-06T20:35:30","date_gmt":"2015-08-07T00:35:30","guid":{"rendered":"https:\/\/dreww.ca\/creators-community\/"},"modified":"2023-08-11T19:14:09","modified_gmt":"2023-08-11T23:14:09","slug":"communaute-de-createurs","status":"publish","type":"page","link":"https:\/\/dreww.ca\/fr\/communaute-de-createurs\/","title":{"rendered":"Communaut\u00e9 de cr\u00e9ateurs"},"content":{"rendered":"<div id=\"cs-content\" class=\"cs-content\"><\/div>\n","protected":false},"excerpt":{"rendered":"<p>La communaut\u00e9 de cr\u00e9ateurs Les cr\u00e9ateurs sont invit\u00e9s \u00e0 joindre notre communaut\u00e9 afin de recevoir des offres de travail avec diff\u00e9rentes marques sur des projets cr\u00e9atifs.S&rsquo;inscrireLa communaut\u00e9 de cr\u00e9ateurs Les cr\u00e9ateurs sont invit\u00e9s \u00e0 joindre notre communaut\u00e9 afin de recevoir &#8230; <\/p>\n<div><a href=\"https:\/\/dreww.ca\/fr\/communaute-de-createurs\/\" class=\"more-link\">Read More<\/a><\/div>\n","protected":false},"author":10,"featured_media":0,"parent":0,"menu_order":0,"comment_status":"closed","ping_status":"closed","template":"template-blank-4.php","meta":{"_acf_changed":false,"content-type":"","footnotes":""},"class_list":["post-6263","page","type-page","status-publish","hentry","no-post-thumbnail"],"acf":[],"yoast_head":"<!-- This site is optimized with the Yoast SEO Premium plugin v18.2.1 (Yoast SEO v26.5) - https:\/\/yoast.com\/wordpress\/plugins\/seo\/ -->\n<title>The Creators Community by Dreww<\/title>\n<meta name=\"description\" content=\"Want to collaborate with brands? Sign-up to The Creators Community so we can send you offers from local and national brands.\" \/>\n<meta name=\"robots\" content=\"index, follow, max-snippet:-1, max-image-preview:large, max-video-preview:-1\" \/>\n<link rel=\"canonical\" href=\"https:\/\/dreww.ca\/fr\/communaute-de-createurs\/\" \/>\n<meta property=\"og:locale\" content=\"fr_FR\" \/>\n<meta property=\"og:type\" content=\"article\" \/>\n<meta property=\"og:title\" content=\"The Creators Community - Sign up to get collab offers from national brands\" \/>\n<meta property=\"og:description\" content=\"Want to collaborate with brands? Sign-up to The Creators Community so we can send you offers from local and national brands.\" \/>\n<meta property=\"og:url\" content=\"https:\/\/dreww.ca\/fr\/communaute-de-createurs\/\" \/>\n<meta property=\"og:site_name\" content=\"DREWW\" \/>\n<meta property=\"article:publisher\" content=\"https:\/\/www.facebook.com\/dreww.agency\" \/>\n<meta property=\"article:modified_time\" content=\"2023-08-11T23:14:09+00:00\" \/>\n<meta property=\"og:image\" content=\"https:\/\/dreww.ca\/wp-content\/uploads\/2020\/03\/brand-deals.jpg\" \/>\n\t<meta property=\"og:image:width\" content=\"1200\" \/>\n\t<meta property=\"og:image:height\" content=\"638\" \/>\n\t<meta property=\"og:image:type\" content=\"image\/jpeg\" \/>\n<meta name=\"twitter:card\" content=\"summary_large_image\" \/>\n<meta name=\"twitter:title\" content=\"Communaut\u00e9 de cr\u00e9ateurs\" \/>\n<meta name=\"twitter:site\" content=\"@dreww_agency\" \/>\n<meta name=\"twitter:label1\" content=\"Dur\u00e9e de lecture estim\u00e9e\" \/>\n\t<meta name=\"twitter:data1\" content=\"4 minutes\" \/>\n<script type=\"application\/ld+json\" class=\"yoast-schema-graph\">{\"@context\":\"https:\/\/schema.org\",\"@graph\":[{\"@type\":\"WebPage\",\"@id\":\"https:\/\/dreww.ca\/fr\/communaute-de-createurs\/\",\"url\":\"https:\/\/dreww.ca\/fr\/communaute-de-createurs\/\",\"name\":\"The Creators Community by Dreww\",\"isPartOf\":{\"@id\":\"https:\/\/dreww.ca\/fr\/#website\"},\"datePublished\":\"2015-08-07T00:35:30+00:00\",\"dateModified\":\"2023-08-11T23:14:09+00:00\",\"description\":\"Want to collaborate with brands? Sign-up to The Creators Community so we can send you offers from local and national brands.\",\"breadcrumb\":{\"@id\":\"https:\/\/dreww.ca\/fr\/communaute-de-createurs\/#breadcrumb\"},\"inLanguage\":\"fr-FR\",\"potentialAction\":[{\"@type\":\"ReadAction\",\"target\":[\"https:\/\/dreww.ca\/fr\/communaute-de-createurs\/\"]}]},{\"@type\":\"BreadcrumbList\",\"@id\":\"https:\/\/dreww.ca\/fr\/communaute-de-createurs\/#breadcrumb\",\"itemListElement\":[{\"@type\":\"ListItem\",\"position\":1,\"name\":\"Home\",\"item\":\"https:\/\/dreww.ca\/fr\/\"},{\"@type\":\"ListItem\",\"position\":2,\"name\":\"Communaut\u00e9 de cr\u00e9ateurs\"}]},{\"@type\":\"WebSite\",\"@id\":\"https:\/\/dreww.ca\/fr\/#website\",\"url\":\"https:\/\/dreww.ca\/fr\/\",\"name\":\"DREWW\",\"description\":\"Full-service digital advertising agency + production studio\",\"publisher\":{\"@id\":\"https:\/\/dreww.ca\/fr\/#organization\"},\"potentialAction\":[{\"@type\":\"SearchAction\",\"target\":{\"@type\":\"EntryPoint\",\"urlTemplate\":\"https:\/\/dreww.ca\/fr\/?s={search_term_string}\"},\"query-input\":{\"@type\":\"PropertyValueSpecification\",\"valueRequired\":true,\"valueName\":\"search_term_string\"}}],\"inLanguage\":\"fr-FR\"},{\"@type\":\"Organization\",\"@id\":\"https:\/\/dreww.ca\/fr\/#organization\",\"name\":\"Dreww\",\"url\":\"https:\/\/dreww.ca\/fr\/\",\"logo\":{\"@type\":\"ImageObject\",\"inLanguage\":\"fr-FR\",\"@id\":\"https:\/\/dreww.ca\/fr\/#\/schema\/logo\/image\/\",\"url\":\"https:\/\/dreww.ca\/wp-content\/uploads\/2021\/01\/dreww_logo_icon_burgundy.png\",\"contentUrl\":\"https:\/\/dreww.ca\/wp-content\/uploads\/2021\/01\/dreww_logo_icon_burgundy.png\",\"width\":1000,\"height\":1000,\"caption\":\"Dreww\"},\"image\":{\"@id\":\"https:\/\/dreww.ca\/fr\/#\/schema\/logo\/image\/\"},\"sameAs\":[\"https:\/\/www.facebook.com\/dreww.agency\",\"https:\/\/x.com\/dreww_agency\",\"https:\/\/www.instagram.com\/dreww\/\",\"https:\/\/www.youtube.com\/channel\/UCsHMxWoJuOGG5K_vmsRHv2A\"]}]}<\/script>\n<!-- \/ Yoast SEO Premium plugin. -->","yoast_head_json":{"title":"The Creators Community by Dreww","description":"Want to collaborate with brands? Sign-up to The Creators Community so we can send you offers from local and national brands.","robots":{"index":"index","follow":"follow","max-snippet":"max-snippet:-1","max-image-preview":"max-image-preview:large","max-video-preview":"max-video-preview:-1"},"canonical":"https:\/\/dreww.ca\/fr\/communaute-de-createurs\/","og_locale":"fr_FR","og_type":"article","og_title":"The Creators Community - Sign up to get collab offers from national brands","og_description":"Want to collaborate with brands? Sign-up to The Creators Community so we can send you offers from local and national brands.","og_url":"https:\/\/dreww.ca\/fr\/communaute-de-createurs\/","og_site_name":"DREWW","article_publisher":"https:\/\/www.facebook.com\/dreww.agency","article_modified_time":"2023-08-11T23:14:09+00:00","og_image":[{"width":1200,"height":638,"url":"https:\/\/dreww.ca\/wp-content\/uploads\/2020\/03\/brand-deals.jpg","type":"image\/jpeg"}],"twitter_card":"summary_large_image","twitter_title":"Communaut\u00e9 de cr\u00e9ateurs","twitter_site":"@dreww_agency","twitter_misc":{"Dur\u00e9e de lecture estim\u00e9e":"4 minutes"},"schema":{"@context":"https:\/\/schema.org","@graph":[{"@type":"WebPage","@id":"https:\/\/dreww.ca\/fr\/communaute-de-createurs\/","url":"https:\/\/dreww.ca\/fr\/communaute-de-createurs\/","name":"The Creators Community by Dreww","isPartOf":{"@id":"https:\/\/dreww.ca\/fr\/#website"},"datePublished":"2015-08-07T00:35:30+00:00","dateModified":"2023-08-11T23:14:09+00:00","description":"Want to collaborate with brands? Sign-up to The Creators Community so we can send you offers from local and national brands.","breadcrumb":{"@id":"https:\/\/dreww.ca\/fr\/communaute-de-createurs\/#breadcrumb"},"inLanguage":"fr-FR","potentialAction":[{"@type":"ReadAction","target":["https:\/\/dreww.ca\/fr\/communaute-de-createurs\/"]}]},{"@type":"BreadcrumbList","@id":"https:\/\/dreww.ca\/fr\/communaute-de-createurs\/#breadcrumb","itemListElement":[{"@type":"ListItem","position":1,"name":"Home","item":"https:\/\/dreww.ca\/fr\/"},{"@type":"ListItem","position":2,"name":"Communaut\u00e9 de cr\u00e9ateurs"}]},{"@type":"WebSite","@id":"https:\/\/dreww.ca\/fr\/#website","url":"https:\/\/dreww.ca\/fr\/","name":"DREWW","description":"Full-service digital advertising agency + production studio","publisher":{"@id":"https:\/\/dreww.ca\/fr\/#organization"},"potentialAction":[{"@type":"SearchAction","target":{"@type":"EntryPoint","urlTemplate":"https:\/\/dreww.ca\/fr\/?s={search_term_string}"},"query-input":{"@type":"PropertyValueSpecification","valueRequired":true,"valueName":"search_term_string"}}],"inLanguage":"fr-FR"},{"@type":"Organization","@id":"https:\/\/dreww.ca\/fr\/#organization","name":"Dreww","url":"https:\/\/dreww.ca\/fr\/","logo":{"@type":"ImageObject","inLanguage":"fr-FR","@id":"https:\/\/dreww.ca\/fr\/#\/schema\/logo\/image\/","url":"https:\/\/dreww.ca\/wp-content\/uploads\/2021\/01\/dreww_logo_icon_burgundy.png","contentUrl":"https:\/\/dreww.ca\/wp-content\/uploads\/2021\/01\/dreww_logo_icon_burgundy.png","width":1000,"height":1000,"caption":"Dreww"},"image":{"@id":"https:\/\/dreww.ca\/fr\/#\/schema\/logo\/image\/"},"sameAs":["https:\/\/www.facebook.com\/dreww.agency","https:\/\/x.com\/dreww_agency","https:\/\/www.instagram.com\/dreww\/","https:\/\/www.youtube.com\/channel\/UCsHMxWoJuOGG5K_vmsRHv2A"]}]}},"_links":{"self":[{"href":"https:\/\/dreww.ca\/fr\/wp-json\/wp\/v2\/pages\/6263","targetHints":{"allow":["GET"]}}],"collection":[{"href":"https:\/\/dreww.ca\/fr\/wp-json\/wp\/v2\/pages"}],"about":[{"href":"https:\/\/dreww.ca\/fr\/wp-json\/wp\/v2\/types\/page"}],"author":[{"embeddable":true,"href":"https:\/\/dreww.ca\/fr\/wp-json\/wp\/v2\/users\/10"}],"replies":[{"embeddable":true,"href":"https:\/\/dreww.ca\/fr\/wp-json\/wp\/v2\/comments?post=6263"}],"version-history":[{"count":0,"href":"https:\/\/dreww.ca\/fr\/wp-json\/wp\/v2\/pages\/6263\/revisions"}],"wp:attachment":[{"href":"https:\/\/dreww.ca\/fr\/wp-json\/wp\/v2\/media?parent=6263"}],"curies":[{"name":"wp","href":"https:\/\/api.w.org\/{rel}","templated":true}]}}